{"id":342,"date":"2022-06-26T20:50:59","date_gmt":"2022-06-26T17:50:59","guid":{"rendered":"https:\/\/eng.sahin61.com.tr\/?page_id=342"},"modified":"2022-07-03T14:58:15","modified_gmt":"2022-07-03T11:58:15","slug":"borcka-black-lake-double-bridge","status":"publish","type":"page","link":"https:\/\/eng.sahin61.com.tr\/index.php\/borcka-black-lake-double-bridge\/","title":{"rendered":"Borcka Black Lake &#038; Double Bridge"},"content":{"rendered":"\t\t<div data-elementor-type=\"wp-page\" data-elementor-id=\"342\" class=\"elementor elementor-342\">\n\t\t\t\t\t\t<div class=\"elementor-inner\">\n\t\t\t\t<div class=\"elementor-section-wrap\">\n\t\t\t\t\t\t\t\t\t<section class=\"elementor-section elementor-top-section elementor-element elementor-element-3aaa6969 elementor-section-full_width elementor-section-height-default elementor-section-height-default\" data-id=\"3aaa6969\" data-element_type=\"section\">\n\t\t\t\t\t\t<div class=\"elementor-container elementor-column-gap-default\">\n\t\t\t\t\t\t\t<div class=\"elementor-row\">\n\t\t\t\t\t<div class=\"aux-parallax-section elementor-column elementor-col-100 elementor-top-column elementor-element elementor-element-70122bfb\" data-id=\"70122bfb\" data-element_type=\"column\">\n\t\t\t<div class=\"elementor-column-wrap elementor-element-populated\">\n\t\t\t\t\t\t\t<div class=\"elementor-widget-wrap\">\n\t\t\t\t\t\t<div class=\"elementor-element elementor-element-148e9c1f elementor-widget elementor-widget-aux_modern_heading\" data-id=\"148e9c1f\" data-element_type=\"widget\" data-widget_type=\"aux_modern_heading.default\">\n\t\t\t\t<div class=\"elementor-widget-container\">\n\t\t\t<section class=\"aux-widget-modern-heading\">\n            <div class=\"aux-widget-inner\"><h2 class=\"aux-modern-heading-primary\">BORCKA BLACK LAKE &amp; DOUBLE BRIDGE<\/h2><\/div>\n        <\/section>\t\t<\/div>\n\t\t\t\t<\/div>\n\t\t\t\t<div class=\"elementor-element elementor-element-48bbd10b elementor-widget elementor-widget-aux_image\" data-id=\"48bbd10b\" data-element_type=\"widget\" data-widget_type=\"aux_image.default\">\n\t\t\t\t<div class=\"elementor-widget-container\">\n\t\t\t<section class=\"widget-container aux-widget-image aux-alignnone aux-parent-au03340088\">\n    <div class=\"aux-media-hint-frame \">\n        <div class=\"aux-media-image  aux-tilt-box\" >\n        \n            \n\n            \n            <img decoding=\"async\" loading=\"lazy\" width=\"1920\" height=\"949\" src=\"image\/gif;base64,R0lGODlhAQABAIAAAAAAAP\/\/\/yH5BAEAAAAALAAAAAABAAEAAAIBRAA7\" class=\"aux-attachment aux-featured-image aux-attachment-id-351 aux-preload aux-progress-box\" alt=\"karagol\" data-ratio=\"2.02\" data-original-w=\"1920\" data-src=\"https:\/\/eng.sahin61.com.tr\/wp-content\/uploads\/2022\/06\/karagol.jpg\" \/>            \n                <\/div>\n    <\/div>\n\n<\/section><!-- widget-container -->\t\t<\/div>\n\t\t\t\t<\/div>\n\t\t\t\t\t\t<\/div>\n\t\t\t\t\t<\/div>\n\t\t<\/div>\n\t\t\t\t\t\t\t\t<\/div>\n\t\t\t\t\t<\/div>\n\t\t<\/section>\n\t\t\t\t<section class=\"elementor-section elementor-top-section elementor-element elementor-element-84245ae elementor-section-boxed elementor-section-height-default elementor-section-height-default\" data-id=\"84245ae\" data-element_type=\"section\">\n\t\t\t\t\t\t<div class=\"elementor-container elementor-column-gap-no\">\n\t\t\t\t\t\t\t<div class=\"elementor-row\">\n\t\t\t\t\t<div class=\"aux-parallax-section elementor-column elementor-col-100 elementor-top-column elementor-element elementor-element-176cbd44\" data-id=\"176cbd44\" data-element_type=\"column\">\n\t\t\t<div class=\"elementor-column-wrap elementor-element-populated\">\n\t\t\t\t\t\t\t<div class=\"elementor-widget-wrap\">\n\t\t\t\t\t\t<div class=\"elementor-element elementor-element-6ae94d8 elementor-widget elementor-widget-spacer\" data-id=\"6ae94d8\" data-element_type=\"widget\" data-widget_type=\"spacer.default\">\n\t\t\t\t<div class=\"elementor-widget-container\">\n\t\t\t\t\t<div class=\"elementor-spacer\">\n\t\t\t<div class=\"elementor-spacer-inner\"><\/div>\n\t\t<\/div>\n\t\t\t\t<\/div>\n\t\t\t\t<\/div>\n\t\t\t\t<div class=\"elementor-element elementor-element-18de7f3a elementor-widget elementor-widget-aux_modern_heading\" data-id=\"18de7f3a\" data-element_type=\"widget\" data-widget_type=\"aux_modern_heading.default\">\n\t\t\t\t<div class=\"elementor-widget-container\">\n\t\t\t<section class=\"aux-widget-modern-heading\">\n            <div class=\"aux-widget-inner\"><h2 class=\"aux-modern-heading-primary\"><\/h2><div class=\"aux-modern-heading-description\"><p><strong>BORCKA BLACK LAKE<\/strong><\/p><p>Located in Borcka district of Artvin province, Black Lake is one of the beauties of the Black Sea resembling paradise. One of the most beautiful lakes in the world, Borcka Black Lake was formed as a result of a landslide near the Klaskur Plateau. In 2002, the Council of Ministers declared the region as a nature park. Borcka Black Lake Nature Park has an area of \u200b\u200b368 hectares. The lake and its surroundings are an area of \u200b\u200b5 hectares.<\/p><p><strong>DOUBLE BRIDGE<\/strong><\/p><p>Double Bridge is located above Kamilat and So\u011fucak rivers. The two bridges, which were built in the 18th century in the Ottoman period in the Arhavi district of Artvin, complement each other and have the feature of being a full circle, are 3,550 m (11,650 ft) and 280 m (920 ft) long. It was restored in 2003. Due to their architectural structure and limited width, the bridges are only used by pedestrians. \u201cDouble Bridges\u201d are among the places frequented by tourists visiting the region.<\/p><\/div><\/div>\n        <\/section>\t\t<\/div>\n\t\t\t\t<\/div>\n\t\t\t\t\t\t<\/div>\n\t\t\t\t\t<\/div>\n\t\t<\/div>\n\t\t\t\t\t\t\t\t<\/div>\n\t\t\t\t\t<\/div>\n\t\t<\/section>\n\t\t\t\t<section class=\"elementor-section elementor-top-section elementor-element elementor-element-789706b elementor-section-boxed elementor-section-height-default elementor-section-height-default\" data-id=\"789706b\" data-element_type=\"section\">\n\t\t\t\t\t\t<div class=\"elementor-container elementor-column-gap-default\">\n\t\t\t\t\t\t\t<div class=\"elementor-row\">\n\t\t\t\t\t<div class=\"aux-parallax-section elementor-column elementor-col-100 elementor-top-column elementor-element elementor-element-20b006f\" data-id=\"20b006f\" data-element_type=\"column\">\n\t\t\t<div class=\"elementor-column-wrap elementor-element-populated\">\n\t\t\t\t\t\t\t<div class=\"elementor-widget-wrap\">\n\t\t\t\t\t\t<div class=\"elementor-element elementor-element-3d1de6a elementor-widget elementor-widget-spacer\" data-id=\"3d1de6a\" data-element_type=\"widget\" data-widget_type=\"spacer.default\">\n\t\t\t\t<div class=\"elementor-widget-container\">\n\t\t\t\t\t<div class=\"elementor-spacer\">\n\t\t\t<div class=\"elementor-spacer-inner\"><\/div>\n\t\t<\/div>\n\t\t\t\t<\/div>\n\t\t\t\t<\/div>\n\t\t\t\t\t\t<\/div>\n\t\t\t\t\t<\/div>\n\t\t<\/div>\n\t\t\t\t\t\t\t\t<\/div>\n\t\t\t\t\t<\/div>\n\t\t<\/section>\n\t\t\t\t<section class=\"elementor-section elementor-top-section elementor-element elementor-element-50843462 elementor-section-boxed elementor-section-height-default elementor-section-height-default\" data-id=\"50843462\" data-element_type=\"section\">\n\t\t\t\t\t\t<div class=\"elementor-container elementor-column-gap-no\">\n\t\t\t\t\t\t\t<div class=\"elementor-row\">\n\t\t\t\t\t<div class=\"aux-parallax-section elementor-column elementor-col-100 elementor-top-column elementor-element elementor-element-30179757\" data-id=\"30179757\" data-element_type=\"column\">\n\t\t\t<div class=\"elementor-column-wrap elementor-element-populated\">\n\t\t\t\t\t\t\t<div class=\"elementor-widget-wrap\">\n\t\t\t\t\t\t<div class=\"elementor-element elementor-element-53a1200e elementor-widget elementor-widget-heading\" data-id=\"53a1200e\" data-element_type=\"widget\" data-widget_type=\"heading.default\">\n\t\t\t\t<div class=\"elementor-widget-container\">\n\t\t\t<h2 class=\"elementor-heading-title elementor-size-default\">Borcka Black Lake & Double Bridge<\/h2>\t\t<\/div>\n\t\t\t\t<\/div>\n\t\t\t\t<div class=\"elementor-element elementor-element-1ba261df elementor-invisible elementor-widget elementor-widget-aux-gallery\" data-id=\"1ba261df\" data-element_type=\"widget\" data-settings=\"{&quot;_animation&quot;:&quot;pulse&quot;}\" data-widget_type=\"aux-gallery.default\">\n\t\t\t\t<div class=\"elementor-widget-container\">\n\t\t\t<section class=\"widget-container aux-widget-gallery aux-parent-aub1cda9bd\"><div id='aux-gallery-1' class='aux-gallery galleryid-342 gallery-columns-3 '><div class=\"aux-gallery-container aux-isotope-animated aux-row aux-de-col3 aux-tb-col3 aux-mb-col3 elementor-clickable aux-no-gutter aux-layout-masonry\"  data-pagination=\"false\" data-lazyload=\"false\" data-perpage=\"24\" data-layout=\"masonry\" data-space=\"13\" >    <figure class=\"gallery-item aux-hover-active aux-iso-item aux-col \">\n            <div class=\"aux-frame-mask-plain aux-frame-ratio \">\n                <a href=\"#null\" class=\"aux-frame-ratio-inner aux-frame-darken \" data-elementor-open-lightbox=\"no\" >\n                        <img decoding=\"async\" loading=\"lazy\" width=\"300\" height=\"300\" src=\"https:\/\/eng.sahin61.com.tr\/wp-content\/uploads\/2022\/06\/BK1-300x300.jpg\" class=\"aux-attachment aux-featured-image attachment-300x300 aux-attachment-id-345 \" alt=\"BK1\" srcset=\"https:\/\/eng.sahin61.com.tr\/wp-content\/uploads\/2022\/06\/BK1-150x150.jpg 150w,https:\/\/eng.sahin61.com.tr\/wp-content\/uploads\/2022\/06\/BK1-300x300.jpg 300w,https:\/\/eng.sahin61.com.tr\/wp-content\/uploads\/2022\/06\/BK1-768x680.jpg 768w,https:\/\/eng.sahin61.com.tr\/wp-content\/uploads\/2022\/06\/BK1-300x300.jpg 300w,https:\/\/eng.sahin61.com.tr\/wp-content\/uploads\/2022\/06\/BK1-1014x1014.jpg 1014w\" data-ratio=\"1\" data-original-w=\"1024\" sizes=\"(max-width:767px) 33vw,(min-width:768px) and (max-width:1025px) 33vw,641px\" \/>                <\/a>\n            <\/div>\n                <\/figure>\n    <figure class=\"gallery-item aux-hover-active aux-iso-item aux-col \">\n            <div class=\"aux-frame-mask-plain aux-frame-ratio \">\n                <a href=\"#null\" class=\"aux-frame-ratio-inner aux-frame-darken \" data-elementor-open-lightbox=\"no\" >\n                        <img decoding=\"async\" loading=\"lazy\" width=\"300\" height=\"300\" src=\"https:\/\/eng.sahin61.com.tr\/wp-content\/uploads\/2022\/06\/BK2-300x300.jpg\" class=\"aux-attachment aux-featured-image attachment-300x300 aux-attachment-id-346 \" alt=\"BK2\" srcset=\"https:\/\/eng.sahin61.com.tr\/wp-content\/uploads\/2022\/06\/BK2-150x150.jpg 150w,https:\/\/eng.sahin61.com.tr\/wp-content\/uploads\/2022\/06\/BK2-300x300.jpg 300w,https:\/\/eng.sahin61.com.tr\/wp-content\/uploads\/2022\/06\/BK2-768x680.jpg 768w,https:\/\/eng.sahin61.com.tr\/wp-content\/uploads\/2022\/06\/BK2-300x300.jpg 300w,https:\/\/eng.sahin61.com.tr\/wp-content\/uploads\/2022\/06\/BK2-1014x1014.jpg 1014w\" data-ratio=\"1\" data-original-w=\"1024\" sizes=\"(max-width:767px) 33vw,(min-width:768px) and (max-width:1025px) 33vw,641px\" \/>                <\/a>\n            <\/div>\n                <\/figure>\n    <figure class=\"gallery-item aux-hover-active aux-iso-item aux-col \">\n            <div class=\"aux-frame-mask-plain aux-frame-ratio \">\n                <a href=\"#null\" class=\"aux-frame-ratio-inner aux-frame-darken \" data-elementor-open-lightbox=\"no\" >\n                        <img decoding=\"async\" loading=\"lazy\" width=\"300\" height=\"300\" src=\"https:\/\/eng.sahin61.com.tr\/wp-content\/uploads\/2022\/06\/BK3-300x300.jpg\" class=\"aux-attachment aux-featured-image attachment-300x300 aux-attachment-id-347 \" alt=\"BK3\" srcset=\"https:\/\/eng.sahin61.com.tr\/wp-content\/uploads\/2022\/06\/BK3-150x150.jpg 150w,https:\/\/eng.sahin61.com.tr\/wp-content\/uploads\/2022\/06\/BK3-300x300.jpg 300w,https:\/\/eng.sahin61.com.tr\/wp-content\/uploads\/2022\/06\/BK3-768x680.jpg 768w,https:\/\/eng.sahin61.com.tr\/wp-content\/uploads\/2022\/06\/BK3-300x300.jpg 300w,https:\/\/eng.sahin61.com.tr\/wp-content\/uploads\/2022\/06\/BK3-1014x1014.jpg 1014w\" data-ratio=\"1\" data-original-w=\"1024\" sizes=\"(max-width:767px) 33vw,(min-width:768px) and (max-width:1025px) 33vw,641px\" \/>                <\/a>\n            <\/div>\n                <\/figure>\n    <figure class=\"gallery-item aux-hover-active aux-iso-item aux-col \">\n            <div class=\"aux-frame-mask-plain aux-frame-ratio \">\n                <a href=\"#null\" class=\"aux-frame-ratio-inner aux-frame-darken \" data-elementor-open-lightbox=\"no\" >\n                        <img decoding=\"async\" loading=\"lazy\" width=\"300\" height=\"300\" src=\"https:\/\/eng.sahin61.com.tr\/wp-content\/uploads\/2022\/06\/BK4-300x300.jpg\" class=\"aux-attachment aux-featured-image attachment-300x300 aux-attachment-id-348 \" alt=\"BK4\" srcset=\"https:\/\/eng.sahin61.com.tr\/wp-content\/uploads\/2022\/06\/BK4-150x150.jpg 150w,https:\/\/eng.sahin61.com.tr\/wp-content\/uploads\/2022\/06\/BK4-300x300.jpg 300w,https:\/\/eng.sahin61.com.tr\/wp-content\/uploads\/2022\/06\/BK4-768x680.jpg 768w,https:\/\/eng.sahin61.com.tr\/wp-content\/uploads\/2022\/06\/BK4-300x300.jpg 300w,https:\/\/eng.sahin61.com.tr\/wp-content\/uploads\/2022\/06\/BK4-1014x1014.jpg 1014w\" data-ratio=\"1\" data-original-w=\"1024\" sizes=\"(max-width:767px) 33vw,(min-width:768px) and (max-width:1025px) 33vw,641px\" \/>                <\/a>\n            <\/div>\n                <\/figure>\n    <figure class=\"gallery-item aux-hover-active aux-iso-item aux-col \">\n            <div class=\"aux-frame-mask-plain aux-frame-ratio \">\n                <a href=\"#null\" class=\"aux-frame-ratio-inner aux-frame-darken \" data-elementor-open-lightbox=\"no\" >\n                        <img decoding=\"async\" loading=\"lazy\" width=\"300\" height=\"300\" src=\"https:\/\/eng.sahin61.com.tr\/wp-content\/uploads\/2022\/06\/BK5-300x300.jpg\" class=\"aux-attachment aux-featured-image attachment-300x300 aux-attachment-id-349 \" alt=\"BK5\" srcset=\"https:\/\/eng.sahin61.com.tr\/wp-content\/uploads\/2022\/06\/BK5-150x150.jpg 150w,https:\/\/eng.sahin61.com.tr\/wp-content\/uploads\/2022\/06\/BK5-300x300.jpg 300w,https:\/\/eng.sahin61.com.tr\/wp-content\/uploads\/2022\/06\/BK5-768x680.jpg 768w,https:\/\/eng.sahin61.com.tr\/wp-content\/uploads\/2022\/06\/BK5-300x300.jpg 300w,https:\/\/eng.sahin61.com.tr\/wp-content\/uploads\/2022\/06\/BK5-1014x1014.jpg 1014w\" data-ratio=\"1\" data-original-w=\"1024\" sizes=\"(max-width:767px) 33vw,(min-width:768px) and (max-width:1025px) 33vw,641px\" \/>                <\/a>\n            <\/div>\n                <\/figure>\n    <figure class=\"gallery-item aux-hover-active aux-iso-item aux-col \">\n            <div class=\"aux-frame-mask-plain aux-frame-ratio \">\n                <a href=\"#null\" class=\"aux-frame-ratio-inner aux-frame-darken \" data-elementor-open-lightbox=\"no\" >\n                        <img decoding=\"async\" loading=\"lazy\" width=\"300\" height=\"300\" src=\"https:\/\/eng.sahin61.com.tr\/wp-content\/uploads\/2022\/06\/IMG_8085-300x300.jpg\" class=\"aux-attachment aux-featured-image attachment-300x300 aux-attachment-id-350 \" alt=\"IMG_8085\" srcset=\"https:\/\/eng.sahin61.com.tr\/wp-content\/uploads\/2022\/06\/IMG_8085-150x150.jpg 150w,https:\/\/eng.sahin61.com.tr\/wp-content\/uploads\/2022\/06\/IMG_8085-300x300.jpg 300w,https:\/\/eng.sahin61.com.tr\/wp-content\/uploads\/2022\/06\/IMG_8085-768x768.jpg 768w,https:\/\/eng.sahin61.com.tr\/wp-content\/uploads\/2022\/06\/IMG_8085-1024x1024.jpg 1024w,https:\/\/eng.sahin61.com.tr\/wp-content\/uploads\/2022\/06\/IMG_8085-300x300.jpg 300w,https:\/\/eng.sahin61.com.tr\/wp-content\/uploads\/2022\/06\/IMG_8085-1070x1070.jpg 1070w\" data-ratio=\"1\" data-original-w=\"1080\" sizes=\"(max-width:767px) 33vw,(min-width:768px) and (max-width:1025px) 33vw,641px\" \/>                <\/a>\n            <\/div>\n                <\/figure>\n<\/div><\/div><\/section><!-- widget-container --><style>.aux-parent-aub1cda9bd .aux-frame-ratio { padding-bottom:75% }<\/style>\t\t<\/div>\n\t\t\t\t<\/div>\n\t\t\t\t\t\t<\/div>\n\t\t\t\t\t<\/div>\n\t\t<\/div>\n\t\t\t\t\t\t\t\t<\/div>\n\t\t\t\t\t<\/div>\n\t\t<\/section>\n\t\t\t\t<section class=\"elementor-section elementor-top-section elementor-element elementor-element-f2abcca elementor-section-boxed elementor-section-height-default elementor-section-height-default\" data-id=\"f2abcca\" data-element_type=\"section\">\n\t\t\t\t\t\t<div class=\"elementor-container elementor-column-gap-default\">\n\t\t\t\t\t\t\t<div class=\"elementor-row\">\n\t\t\t\t\t<div class=\"aux-parallax-section elementor-column elementor-col-100 elementor-top-column elementor-element elementor-element-f5a6e34\" data-id=\"f5a6e34\" data-element_type=\"column\">\n\t\t\t<div class=\"elementor-column-wrap elementor-element-populated\">\n\t\t\t\t\t\t\t<div class=\"elementor-widget-wrap\">\n\t\t\t\t\t\t<div class=\"elementor-element elementor-element-2148cb6 elementor-widget elementor-widget-spacer\" data-id=\"2148cb6\" data-element_type=\"widget\" data-widget_type=\"spacer.default\">\n\t\t\t\t<div class=\"elementor-widget-container\">\n\t\t\t\t\t<div class=\"elementor-spacer\">\n\t\t\t<div class=\"elementor-spacer-inner\"><\/div>\n\t\t<\/div>\n\t\t\t\t<\/div>\n\t\t\t\t<\/div>\n\t\t\t\t\t\t<\/div>\n\t\t\t\t\t<\/div>\n\t\t<\/div>\n\t\t\t\t\t\t\t\t<\/div>\n\t\t\t\t\t<\/div>\n\t\t<\/section>\n\t\t\t\t<section class=\"elementor-section elementor-top-section elementor-element elementor-element-73ba7c4 elementor-section-boxed elementor-section-height-default elementor-section-height-default\" data-id=\"73ba7c4\" data-element_type=\"section\">\n\t\t\t\t\t\t<div class=\"elementor-container elementor-column-gap-default\">\n\t\t\t\t\t\t\t<div class=\"elementor-row\">\n\t\t\t\t\t<div class=\"aux-parallax-section elementor-column elementor-col-100 elementor-top-column elementor-element elementor-element-7323a46\" data-id=\"7323a46\" data-element_type=\"column\">\n\t\t\t<div class=\"elementor-column-wrap elementor-element-populated\">\n\t\t\t\t\t\t\t<div class=\"elementor-widget-wrap\">\n\t\t\t\t\t\t<div class=\"elementor-element elementor-element-04ce2f3 elementor-widget elementor-widget-heading\" data-id=\"04ce2f3\" data-element_type=\"widget\" data-widget_type=\"heading.default\">\n\t\t\t\t<div class=\"elementor-widget-container\">\n\t\t\t<h2 class=\"elementor-heading-title elementor-size-default\">Where is Borcka Black Lake?<\/h2>\t\t<\/div>\n\t\t\t\t<\/div>\n\t\t\t\t\t\t<\/div>\n\t\t\t\t\t<\/div>\n\t\t<\/div>\n\t\t\t\t\t\t\t\t<\/div>\n\t\t\t\t\t<\/div>\n\t\t<\/section>\n\t\t\t\t<section class=\"elementor-section elementor-top-section elementor-element elementor-element-3029cfc elementor-section-boxed elementor-section-height-default elementor-section-height-default\" data-id=\"3029cfc\" data-element_type=\"section\">\n\t\t\t\t\t\t<div class=\"elementor-container elementor-column-gap-default\">\n\t\t\t\t\t\t\t<div class=\"elementor-row\">\n\t\t\t\t\t<div class=\"aux-parallax-section elementor-column elementor-col-100 elementor-top-column elementor-element elementor-element-7d39b3e\" data-id=\"7d39b3e\" data-element_type=\"column\">\n\t\t\t<div class=\"elementor-column-wrap elementor-element-populated\">\n\t\t\t\t\t\t\t<div class=\"elementor-widget-wrap\">\n\t\t\t\t\t\t<div class=\"elementor-element elementor-element-377d253 elementor-widget elementor-widget-google_maps\" data-id=\"377d253\" data-element_type=\"widget\" data-widget_type=\"google_maps.default\">\n\t\t\t\t<div class=\"elementor-widget-container\">\n\t\t\t\t\t<div class=\"elementor-custom-embed\">\n\t\t\t<iframe loading=\"lazy\"\n\t\t\t\t\tsrc=\"https:\/\/maps.google.com\/maps?q=bor%C3%A7ka%20karag%C3%B6l&#038;t=m&#038;z=10&#038;output=embed&#038;iwloc=near\"\n\t\t\t\t\ttitle=\"bor\u00e7ka karag\u00f6l\"\n\t\t\t\t\taria-label=\"bor\u00e7ka karag\u00f6l\"\n\t\t\t><\/iframe>\n\t\t<\/div>\n\t\t\t\t<\/div>\n\t\t\t\t<\/div>\n\t\t\t\t\t\t<\/div>\n\t\t\t\t\t<\/div>\n\t\t<\/div>\n\t\t\t\t\t\t\t\t<\/div>\n\t\t\t\t\t<\/div>\n\t\t<\/section>\n\t\t\t\t<section class=\"elementor-section elementor-top-section elementor-element elementor-element-41bf79b elementor-section-boxed elementor-section-height-default elementor-section-height-default\" data-id=\"41bf79b\" data-element_type=\"section\">\n\t\t\t\t\t\t<div class=\"elementor-container elementor-column-gap-default\">\n\t\t\t\t\t\t\t<div class=\"elementor-row\">\n\t\t\t\t\t<div class=\"aux-parallax-section elementor-column elementor-col-100 elementor-top-column elementor-element elementor-element-e6f21b7\" data-id=\"e6f21b7\" data-element_type=\"column\">\n\t\t\t<div class=\"elementor-column-wrap elementor-element-populated\">\n\t\t\t\t\t\t\t<div class=\"elementor-widget-wrap\">\n\t\t\t\t\t\t<div class=\"elementor-element elementor-element-6b23279 elementor-widget elementor-widget-heading\" data-id=\"6b23279\" data-element_type=\"widget\" data-widget_type=\"heading.default\">\n\t\t\t\t<div class=\"elementor-widget-container\">\n\t\t\t<h2 class=\"elementor-heading-title elementor-size-default\">Where is the Double Bridge?<\/h2>\t\t<\/div>\n\t\t\t\t<\/div>\n\t\t\t\t\t\t<\/div>\n\t\t\t\t\t<\/div>\n\t\t<\/div>\n\t\t\t\t\t\t\t\t<\/div>\n\t\t\t\t\t<\/div>\n\t\t<\/section>\n\t\t\t\t<section class=\"elementor-section elementor-top-section elementor-element elementor-element-ed486d9 elementor-section-boxed elementor-section-height-default elementor-section-height-default\" data-id=\"ed486d9\" data-element_type=\"section\">\n\t\t\t\t\t\t<div class=\"elementor-container elementor-column-gap-default\">\n\t\t\t\t\t\t\t<div class=\"elementor-row\">\n\t\t\t\t\t<div class=\"aux-parallax-section elementor-column elementor-col-100 elementor-top-column elementor-element elementor-element-ff0ef0b\" data-id=\"ff0ef0b\" data-element_type=\"column\">\n\t\t\t<div class=\"elementor-column-wrap elementor-element-populated\">\n\t\t\t\t\t\t\t<div class=\"elementor-widget-wrap\">\n\t\t\t\t\t\t<div class=\"elementor-element elementor-element-8125932 elementor-widget elementor-widget-google_maps\" data-id=\"8125932\" data-element_type=\"widget\" data-widget_type=\"google_maps.default\">\n\t\t\t\t<div class=\"elementor-widget-container\">\n\t\t\t\t\t<div class=\"elementor-custom-embed\">\n\t\t\t<iframe loading=\"lazy\"\n\t\t\t\t\tsrc=\"https:\/\/maps.google.com\/maps?q=%C3%A7ifte%20k%C3%B6pr%C3%BC&#038;t=m&#038;z=10&#038;output=embed&#038;iwloc=near\"\n\t\t\t\t\ttitle=\"\u00e7ifte k\u00f6pr\u00fc\"\n\t\t\t\t\taria-label=\"\u00e7ifte k\u00f6pr\u00fc\"\n\t\t\t><\/iframe>\n\t\t<\/div>\n\t\t\t\t<\/div>\n\t\t\t\t<\/div>\n\t\t\t\t\t\t<\/div>\n\t\t\t\t\t<\/div>\n\t\t<\/div>\n\t\t\t\t\t\t\t\t<\/div>\n\t\t\t\t\t<\/div>\n\t\t<\/section>\n\t\t\t\t\t\t\t\t\t<\/div>\n\t\t\t<\/div>\n\t\t\t\t\t<\/div>\n\t\t","protected":false},"excerpt":{"rendered":"<p>BORCKA BLACK LAKE &amp; DOUBLE BRIDGE BORCKA BLACK LAKE Located in Borcka district of Artvin province, Black Lake is one of the beauties of the Black Sea resembling paradise. One of the most beautiful lakes in the world, Borcka Black Lake was formed as a result of a landslide near the Klaskur Plateau. In 2002, [&hellip;]<\/p>\n","protected":false},"author":1,"featured_media":0,"parent":0,"menu_order":0,"comment_status":"closed","ping_status":"closed","template":"elementor_header_footer","meta":[],"_links":{"self":[{"href":"https:\/\/eng.sahin61.com.tr\/index.php\/wp-json\/wp\/v2\/pages\/342"}],"collection":[{"href":"https:\/\/eng.sahin61.com.tr\/index.php\/wp-json\/wp\/v2\/pages"}],"about":[{"href":"https:\/\/eng.sahin61.com.tr\/index.php\/wp-json\/wp\/v2\/types\/page"}],"author":[{"embeddable":true,"href":"https:\/\/eng.sahin61.com.tr\/index.php\/wp-json\/wp\/v2\/users\/1"}],"replies":[{"embeddable":true,"href":"https:\/\/eng.sahin61.com.tr\/index.php\/wp-json\/wp\/v2\/comments?post=342"}],"version-history":[{"count":13,"href":"https:\/\/eng.sahin61.com.tr\/index.php\/wp-json\/wp\/v2\/pages\/342\/revisions"}],"predecessor-version":[{"id":762,"href":"https:\/\/eng.sahin61.com.tr\/index.php\/wp-json\/wp\/v2\/pages\/342\/revisions\/762"}],"wp:attachment":[{"href":"https:\/\/eng.sahin61.com.tr\/index.php\/wp-json\/wp\/v2\/media?parent=342"}],"curies":[{"name":"wp","href":"https:\/\/api.w.org\/{rel}","templated":true}]}}