{"id":247,"date":"2022-06-26T19:32:06","date_gmt":"2022-06-26T16:32:06","guid":{"rendered":"https:\/\/eng.sahin61.com.tr\/?page_id=247"},"modified":"2022-07-03T15:19:06","modified_gmt":"2022-07-03T12:19:06","slug":"hidirnebi-plateau-balikli-lake-cal-cave","status":"publish","type":"page","link":"https:\/\/eng.sahin61.com.tr\/index.php\/hidirnebi-plateau-balikli-lake-cal-cave\/","title":{"rendered":"H\u0131d\u0131rnebi Plateau &#038; Bal\u0131kl\u0131 Lake &#038; Cal Cave"},"content":{"rendered":"\t\t<div data-elementor-type=\"wp-page\" data-elementor-id=\"247\" class=\"elementor elementor-247\">\n\t\t\t\t\t\t<div class=\"elementor-inner\">\n\t\t\t\t<div class=\"elementor-section-wrap\">\n\t\t\t\t\t\t\t\t\t<section class=\"elementor-section elementor-top-section elementor-element elementor-element-3aaa6969 elementor-section-full_width elementor-section-height-default elementor-section-height-default\" data-id=\"3aaa6969\" data-element_type=\"section\">\n\t\t\t\t\t\t<div class=\"elementor-container elementor-column-gap-default\">\n\t\t\t\t\t\t\t<div class=\"elementor-row\">\n\t\t\t\t\t<div class=\"aux-parallax-section elementor-column elementor-col-100 elementor-top-column elementor-element elementor-element-70122bfb\" data-id=\"70122bfb\" data-element_type=\"column\">\n\t\t\t<div class=\"elementor-column-wrap elementor-element-populated\">\n\t\t\t\t\t\t\t<div class=\"elementor-widget-wrap\">\n\t\t\t\t\t\t<div class=\"elementor-element elementor-element-148e9c1f elementor-widget elementor-widget-aux_modern_heading\" data-id=\"148e9c1f\" data-element_type=\"widget\" data-widget_type=\"aux_modern_heading.default\">\n\t\t\t\t<div class=\"elementor-widget-container\">\n\t\t\t<section class=\"aux-widget-modern-heading\">\n            <div class=\"aux-widget-inner\"><h2 class=\"aux-modern-heading-primary\">HIDIRNEBI PLATEAU &amp; BALIKLI LAKE &amp; CAL CAVE<\/h2><\/div>\n        <\/section>\t\t<\/div>\n\t\t\t\t<\/div>\n\t\t\t\t<div class=\"elementor-element elementor-element-48bbd10b elementor-widget elementor-widget-aux_image\" data-id=\"48bbd10b\" data-element_type=\"widget\" data-widget_type=\"aux_image.default\">\n\t\t\t\t<div class=\"elementor-widget-container\">\n\t\t\t<section class=\"widget-container aux-widget-image aux-alignnone aux-parent-aucbd5c61b\">\n    <div class=\"aux-media-hint-frame \">\n        <div class=\"aux-media-image  aux-tilt-box\" >\n        \n            \n\n            \n            <img decoding=\"async\" loading=\"lazy\" width=\"1920\" height=\"949\" src=\"image\/gif;base64,R0lGODlhAQABAIAAAAAAAP\/\/\/yH5BAEAAAAALAAAAAABAAEAAAIBRAA7\" class=\"aux-attachment aux-featured-image aux-attachment-id-249 aux-preload aux-progress-box\" alt=\"hidirnebi\" data-ratio=\"2.02\" data-original-w=\"1920\" data-src=\"https:\/\/eng.sahin61.com.tr\/wp-content\/uploads\/2022\/06\/hidirnebi.jpg\" \/>            \n                <\/div>\n    <\/div>\n\n<\/section><!-- widget-container -->\t\t<\/div>\n\t\t\t\t<\/div>\n\t\t\t\t\t\t<\/div>\n\t\t\t\t\t<\/div>\n\t\t<\/div>\n\t\t\t\t\t\t\t\t<\/div>\n\t\t\t\t\t<\/div>\n\t\t<\/section>\n\t\t\t\t<section class=\"elementor-section elementor-top-section elementor-element elementor-element-84245ae elementor-section-boxed elementor-section-height-default elementor-section-height-default\" data-id=\"84245ae\" data-element_type=\"section\">\n\t\t\t\t\t\t<div class=\"elementor-container elementor-column-gap-no\">\n\t\t\t\t\t\t\t<div class=\"elementor-row\">\n\t\t\t\t\t<div class=\"aux-parallax-section elementor-column elementor-col-100 elementor-top-column elementor-element elementor-element-176cbd44\" data-id=\"176cbd44\" data-element_type=\"column\">\n\t\t\t<div class=\"elementor-column-wrap elementor-element-populated\">\n\t\t\t\t\t\t\t<div class=\"elementor-widget-wrap\">\n\t\t\t\t\t\t<div class=\"elementor-element elementor-element-6ae94d8 elementor-widget elementor-widget-spacer\" data-id=\"6ae94d8\" data-element_type=\"widget\" data-widget_type=\"spacer.default\">\n\t\t\t\t<div class=\"elementor-widget-container\">\n\t\t\t\t\t<div class=\"elementor-spacer\">\n\t\t\t<div class=\"elementor-spacer-inner\"><\/div>\n\t\t<\/div>\n\t\t\t\t<\/div>\n\t\t\t\t<\/div>\n\t\t\t\t<div class=\"elementor-element elementor-element-18de7f3a elementor-widget elementor-widget-aux_modern_heading\" data-id=\"18de7f3a\" data-element_type=\"widget\" data-widget_type=\"aux_modern_heading.default\">\n\t\t\t\t<div class=\"elementor-widget-container\">\n\t\t\t<section class=\"aux-widget-modern-heading\">\n            <div class=\"aux-widget-inner\"><h2 class=\"aux-modern-heading-primary\"><\/h2><div class=\"aux-modern-heading-description\"><p><strong>HIDIRNEBI PLATEAU<\/strong><\/p><p>H\u0131d\u0131rnebi Plateau, one of the Akcaabat plateaus, has the distinction of being one of the most well-known and famous plateaus in the region. H\u0131d\u0131rnebi Plateau, which offers a cross-section of the unique natural beauties of the Black Sea, is also known as \"Association Grass\" by the local people. It has an altitude of 1600 meters.<\/p><p><strong>BALIKLI LAKE<\/strong><\/p><p>It is a lake formed due to the geographical structure of the Black Sea Region. Bal\u0131kl\u0131 Lake is on the road going up to H\u0131d\u0131rnebi plateau via the Akcaabat - Duzkoy road. This lake, which has a magnificent natural beauty, welcomes the visitors with its quiet and peaceful environment in the summer months.<\/p><p><strong>CAL CAVE<\/strong><\/p><p>A small stream flows through the cave, which is also accepted as the second longest cave in the world, and there is a historical castle above the cave. Cavern Place Cal Cave is 5km from D\u00fczk\u00f6y District of Trabzon Province. 1050m from the sea in the southwest. It is located in the village town of Cal in High. The entrance of the cave is located on the Headphone Stream, the 1st km of the stabilized road that goes from Cal village to Cay\u0131rbag\u0131 town. Although the entrance of the cave is wide, the width inside is constantly changing. Ceiling heights vary greatly depending on the fracture systems. After the entrance, it divides into two branches at 200m. The left branch is approximately 150 m. in length. In the room at the end of this branch, there is a chimney through which the water from the doline flows. The reachable part of the right arm is approximately 400 m. There is a small lake and waterfall at approximately 60 m of this branch.<\/p><\/div><\/div>\n        <\/section>\t\t<\/div>\n\t\t\t\t<\/div>\n\t\t\t\t\t\t<\/div>\n\t\t\t\t\t<\/div>\n\t\t<\/div>\n\t\t\t\t\t\t\t\t<\/div>\n\t\t\t\t\t<\/div>\n\t\t<\/section>\n\t\t\t\t<section class=\"elementor-section elementor-top-section elementor-element elementor-element-789706b elementor-section-boxed elementor-section-height-default elementor-section-height-default\" data-id=\"789706b\" data-element_type=\"section\">\n\t\t\t\t\t\t<div class=\"elementor-container elementor-column-gap-default\">\n\t\t\t\t\t\t\t<div class=\"elementor-row\">\n\t\t\t\t\t<div class=\"aux-parallax-section elementor-column elementor-col-100 elementor-top-column elementor-element elementor-element-20b006f\" data-id=\"20b006f\" data-element_type=\"column\">\n\t\t\t<div class=\"elementor-column-wrap elementor-element-populated\">\n\t\t\t\t\t\t\t<div class=\"elementor-widget-wrap\">\n\t\t\t\t\t\t<div class=\"elementor-element elementor-element-3d1de6a elementor-widget elementor-widget-spacer\" data-id=\"3d1de6a\" data-element_type=\"widget\" data-widget_type=\"spacer.default\">\n\t\t\t\t<div class=\"elementor-widget-container\">\n\t\t\t\t\t<div class=\"elementor-spacer\">\n\t\t\t<div class=\"elementor-spacer-inner\"><\/div>\n\t\t<\/div>\n\t\t\t\t<\/div>\n\t\t\t\t<\/div>\n\t\t\t\t\t\t<\/div>\n\t\t\t\t\t<\/div>\n\t\t<\/div>\n\t\t\t\t\t\t\t\t<\/div>\n\t\t\t\t\t<\/div>\n\t\t<\/section>\n\t\t\t\t<section class=\"elementor-section elementor-top-section elementor-element elementor-element-50843462 elementor-section-boxed elementor-section-height-default elementor-section-height-default\" data-id=\"50843462\" data-element_type=\"section\">\n\t\t\t\t\t\t<div class=\"elementor-container elementor-column-gap-no\">\n\t\t\t\t\t\t\t<div class=\"elementor-row\">\n\t\t\t\t\t<div class=\"aux-parallax-section elementor-column elementor-col-100 elementor-top-column elementor-element elementor-element-30179757\" data-id=\"30179757\" data-element_type=\"column\">\n\t\t\t<div class=\"elementor-column-wrap elementor-element-populated\">\n\t\t\t\t\t\t\t<div class=\"elementor-widget-wrap\">\n\t\t\t\t\t\t<div class=\"elementor-element elementor-element-53a1200e elementor-widget elementor-widget-heading\" data-id=\"53a1200e\" data-element_type=\"widget\" data-widget_type=\"heading.default\">\n\t\t\t\t<div class=\"elementor-widget-container\">\n\t\t\t<h2 class=\"elementor-heading-title elementor-size-default\">H\u0131d\u0131rnebi Plateau & Bal\u0131kl\u0131 Lake & Cal Cave<\/h2>\t\t<\/div>\n\t\t\t\t<\/div>\n\t\t\t\t<div class=\"elementor-element elementor-element-1ba261df elementor-invisible elementor-widget elementor-widget-aux-gallery\" data-id=\"1ba261df\" data-element_type=\"widget\" data-settings=\"{&quot;_animation&quot;:&quot;pulse&quot;}\" data-widget_type=\"aux-gallery.default\">\n\t\t\t\t<div class=\"elementor-widget-container\">\n\t\t\t<section class=\"widget-container aux-widget-gallery aux-parent-auaca90103\"><div id='aux-gallery-1' class='aux-gallery galleryid-247 gallery-columns-3 '><div class=\"aux-gallery-container aux-isotope-animated aux-row aux-de-col3 aux-tb-col3 aux-mb-col3 elementor-clickable aux-no-gutter aux-layout-masonry\"  data-pagination=\"false\" data-lazyload=\"false\" data-perpage=\"24\" data-layout=\"masonry\" data-space=\"13\" >    <figure class=\"gallery-item aux-hover-active aux-iso-item aux-col \">\n            <div class=\"aux-frame-mask-plain aux-frame-ratio \">\n                <a href=\"#null\" class=\"aux-frame-ratio-inner aux-frame-darken \" data-elementor-open-lightbox=\"no\" >\n                        <img decoding=\"async\" loading=\"lazy\" width=\"300\" height=\"300\" src=\"https:\/\/eng.sahin61.com.tr\/wp-content\/uploads\/2022\/06\/HBC-300x300.jpg\" class=\"aux-attachment aux-featured-image attachment-300x300 aux-attachment-id-252 \" alt=\"HBC\" srcset=\"https:\/\/eng.sahin61.com.tr\/wp-content\/uploads\/2022\/06\/HBC-150x150.jpg 150w,https:\/\/eng.sahin61.com.tr\/wp-content\/uploads\/2022\/06\/HBC-300x300.jpg 300w,https:\/\/eng.sahin61.com.tr\/wp-content\/uploads\/2022\/06\/HBC-768x768.jpg 768w,https:\/\/eng.sahin61.com.tr\/wp-content\/uploads\/2022\/06\/HBC-300x300.jpg 300w,https:\/\/eng.sahin61.com.tr\/wp-content\/uploads\/2022\/06\/HBC-1014x1014.jpg 1014w\" data-ratio=\"1\" data-original-w=\"1024\" sizes=\"(max-width:767px) 33vw,(min-width:768px) and (max-width:1025px) 33vw,641px\" \/>                <\/a>\n            <\/div>\n                <\/figure>\n    <figure class=\"gallery-item aux-hover-active aux-iso-item aux-col \">\n            <div class=\"aux-frame-mask-plain aux-frame-ratio \">\n                <a href=\"#null\" class=\"aux-frame-ratio-inner aux-frame-darken \" data-elementor-open-lightbox=\"no\" >\n                        <img decoding=\"async\" loading=\"lazy\" width=\"300\" height=\"300\" src=\"https:\/\/eng.sahin61.com.tr\/wp-content\/uploads\/2022\/06\/HBC1-300x300.jpg\" class=\"aux-attachment aux-featured-image attachment-300x300 aux-attachment-id-253 \" alt=\"HBC1\" srcset=\"https:\/\/eng.sahin61.com.tr\/wp-content\/uploads\/2022\/06\/HBC1-150x150.jpg 150w,https:\/\/eng.sahin61.com.tr\/wp-content\/uploads\/2022\/06\/HBC1-300x300.jpg 300w,https:\/\/eng.sahin61.com.tr\/wp-content\/uploads\/2022\/06\/HBC1-768x622.jpg 768w,https:\/\/eng.sahin61.com.tr\/wp-content\/uploads\/2022\/06\/HBC1-300x300.jpg 300w,https:\/\/eng.sahin61.com.tr\/wp-content\/uploads\/2022\/06\/HBC1-1014x1014.jpg 1014w\" data-ratio=\"1\" data-original-w=\"1024\" sizes=\"(max-width:767px) 33vw,(min-width:768px) and (max-width:1025px) 33vw,641px\" \/>                <\/a>\n            <\/div>\n                <\/figure>\n    <figure class=\"gallery-item aux-hover-active aux-iso-item aux-col \">\n            <div class=\"aux-frame-mask-plain aux-frame-ratio \">\n                <a href=\"#null\" class=\"aux-frame-ratio-inner aux-frame-darken \" data-elementor-open-lightbox=\"no\" >\n                        <img decoding=\"async\" loading=\"lazy\" width=\"300\" height=\"300\" src=\"https:\/\/eng.sahin61.com.tr\/wp-content\/uploads\/2022\/06\/HBC4-300x300.jpg\" class=\"aux-attachment aux-featured-image attachment-300x300 aux-attachment-id-256 \" alt=\"HBC4\" srcset=\"https:\/\/eng.sahin61.com.tr\/wp-content\/uploads\/2022\/06\/HBC4-150x150.jpg 150w,https:\/\/eng.sahin61.com.tr\/wp-content\/uploads\/2022\/06\/HBC4-300x300.jpg 300w,https:\/\/eng.sahin61.com.tr\/wp-content\/uploads\/2022\/06\/HBC4-768x622.jpg 768w,https:\/\/eng.sahin61.com.tr\/wp-content\/uploads\/2022\/06\/HBC4-300x300.jpg 300w,https:\/\/eng.sahin61.com.tr\/wp-content\/uploads\/2022\/06\/HBC4-1014x1014.jpg 1014w\" data-ratio=\"1\" data-original-w=\"1024\" sizes=\"(max-width:767px) 33vw,(min-width:768px) and (max-width:1025px) 33vw,641px\" \/>                <\/a>\n            <\/div>\n                <\/figure>\n    <figure class=\"gallery-item aux-hover-active aux-iso-item aux-col \">\n            <div class=\"aux-frame-mask-plain aux-frame-ratio \">\n                <a href=\"#null\" class=\"aux-frame-ratio-inner aux-frame-darken \" data-elementor-open-lightbox=\"no\" >\n                        <img decoding=\"async\" loading=\"lazy\" width=\"300\" height=\"300\" src=\"https:\/\/eng.sahin61.com.tr\/wp-content\/uploads\/2022\/06\/HBC5-300x300.jpg\" class=\"aux-attachment aux-featured-image attachment-300x300 aux-attachment-id-257 \" alt=\"HBC5\" srcset=\"https:\/\/eng.sahin61.com.tr\/wp-content\/uploads\/2022\/06\/HBC5-150x150.jpg 150w,https:\/\/eng.sahin61.com.tr\/wp-content\/uploads\/2022\/06\/HBC5-300x300.jpg 300w,https:\/\/eng.sahin61.com.tr\/wp-content\/uploads\/2022\/06\/HBC5-768x622.jpg 768w,https:\/\/eng.sahin61.com.tr\/wp-content\/uploads\/2022\/06\/HBC5-300x300.jpg 300w,https:\/\/eng.sahin61.com.tr\/wp-content\/uploads\/2022\/06\/HBC5-1014x1014.jpg 1014w\" data-ratio=\"1\" data-original-w=\"1024\" sizes=\"(max-width:767px) 33vw,(min-width:768px) and (max-width:1025px) 33vw,641px\" \/>                <\/a>\n            <\/div>\n                <\/figure>\n    <figure class=\"gallery-item aux-hover-active aux-iso-item aux-col \">\n            <div class=\"aux-frame-mask-plain aux-frame-ratio \">\n                <a href=\"#null\" class=\"aux-frame-ratio-inner aux-frame-darken \" data-elementor-open-lightbox=\"no\" >\n                        <img decoding=\"async\" loading=\"lazy\" width=\"300\" height=\"300\" src=\"https:\/\/eng.sahin61.com.tr\/wp-content\/uploads\/2022\/06\/HBC2-300x300.jpg\" class=\"aux-attachment aux-featured-image attachment-300x300 aux-attachment-id-254 \" alt=\"HBC2\" srcset=\"https:\/\/eng.sahin61.com.tr\/wp-content\/uploads\/2022\/06\/HBC2-150x150.jpg 150w,https:\/\/eng.sahin61.com.tr\/wp-content\/uploads\/2022\/06\/HBC2-300x300.jpg 300w,https:\/\/eng.sahin61.com.tr\/wp-content\/uploads\/2022\/06\/HBC2-768x622.jpg 768w,https:\/\/eng.sahin61.com.tr\/wp-content\/uploads\/2022\/06\/HBC2-300x300.jpg 300w,https:\/\/eng.sahin61.com.tr\/wp-content\/uploads\/2022\/06\/HBC2-1014x1014.jpg 1014w\" data-ratio=\"1\" data-original-w=\"1024\" sizes=\"(max-width:767px) 33vw,(min-width:768px) and (max-width:1025px) 33vw,641px\" \/>                <\/a>\n            <\/div>\n                <\/figure>\n    <figure class=\"gallery-item aux-hover-active aux-iso-item aux-col \">\n            <div class=\"aux-frame-mask-plain aux-frame-ratio \">\n                <a href=\"#null\" class=\"aux-frame-ratio-inner aux-frame-darken \" data-elementor-open-lightbox=\"no\" >\n                        <img decoding=\"async\" loading=\"lazy\" width=\"300\" height=\"300\" src=\"https:\/\/eng.sahin61.com.tr\/wp-content\/uploads\/2022\/06\/HBC3-300x300.jpg\" class=\"aux-attachment aux-featured-image attachment-300x300 aux-attachment-id-255 \" alt=\"HBC3\" srcset=\"https:\/\/eng.sahin61.com.tr\/wp-content\/uploads\/2022\/06\/HBC3-150x150.jpg 150w,https:\/\/eng.sahin61.com.tr\/wp-content\/uploads\/2022\/06\/HBC3-300x300.jpg 300w,https:\/\/eng.sahin61.com.tr\/wp-content\/uploads\/2022\/06\/HBC3-768x622.jpg 768w,https:\/\/eng.sahin61.com.tr\/wp-content\/uploads\/2022\/06\/HBC3-300x300.jpg 300w,https:\/\/eng.sahin61.com.tr\/wp-content\/uploads\/2022\/06\/HBC3-1014x1014.jpg 1014w\" data-ratio=\"1\" data-original-w=\"1024\" sizes=\"(max-width:767px) 33vw,(min-width:768px) and (max-width:1025px) 33vw,641px\" \/>                <\/a>\n            <\/div>\n                <\/figure>\n<\/div><\/div><\/section><!-- widget-container --><style>.aux-parent-auaca90103 .aux-frame-ratio { padding-bottom:75% }<\/style>\t\t<\/div>\n\t\t\t\t<\/div>\n\t\t\t\t\t\t<\/div>\n\t\t\t\t\t<\/div>\n\t\t<\/div>\n\t\t\t\t\t\t\t\t<\/div>\n\t\t\t\t\t<\/div>\n\t\t<\/section>\n\t\t\t\t<section class=\"elementor-section elementor-top-section elementor-element elementor-element-f2abcca elementor-section-boxed elementor-section-height-default elementor-section-height-default\" data-id=\"f2abcca\" data-element_type=\"section\">\n\t\t\t\t\t\t<div class=\"elementor-container elementor-column-gap-default\">\n\t\t\t\t\t\t\t<div class=\"elementor-row\">\n\t\t\t\t\t<div class=\"aux-parallax-section elementor-column elementor-col-100 elementor-top-column elementor-element elementor-element-f5a6e34\" data-id=\"f5a6e34\" data-element_type=\"column\">\n\t\t\t<div class=\"elementor-column-wrap elementor-element-populated\">\n\t\t\t\t\t\t\t<div class=\"elementor-widget-wrap\">\n\t\t\t\t\t\t<div class=\"elementor-element elementor-element-2148cb6 elementor-widget elementor-widget-spacer\" data-id=\"2148cb6\" data-element_type=\"widget\" data-widget_type=\"spacer.default\">\n\t\t\t\t<div class=\"elementor-widget-container\">\n\t\t\t\t\t<div class=\"elementor-spacer\">\n\t\t\t<div class=\"elementor-spacer-inner\"><\/div>\n\t\t<\/div>\n\t\t\t\t<\/div>\n\t\t\t\t<\/div>\n\t\t\t\t\t\t<\/div>\n\t\t\t\t\t<\/div>\n\t\t<\/div>\n\t\t\t\t\t\t\t\t<\/div>\n\t\t\t\t\t<\/div>\n\t\t<\/section>\n\t\t\t\t<section class=\"elementor-section elementor-top-section elementor-element elementor-element-48ccb75 elementor-section-boxed elementor-section-height-default elementor-section-height-default\" data-id=\"48ccb75\" data-element_type=\"section\">\n\t\t\t\t\t\t<div class=\"elementor-container elementor-column-gap-default\">\n\t\t\t\t\t\t\t<div class=\"elementor-row\">\n\t\t\t\t\t<div class=\"aux-parallax-section elementor-column elementor-col-100 elementor-top-column elementor-element elementor-element-8baad3d\" data-id=\"8baad3d\" data-element_type=\"column\">\n\t\t\t<div class=\"elementor-column-wrap elementor-element-populated\">\n\t\t\t\t\t\t\t<div class=\"elementor-widget-wrap\">\n\t\t\t\t\t\t<div class=\"elementor-element elementor-element-a97d6cd elementor-widget elementor-widget-heading\" data-id=\"a97d6cd\" data-element_type=\"widget\" data-widget_type=\"heading.default\">\n\t\t\t\t<div class=\"elementor-widget-container\">\n\t\t\t<h2 class=\"elementor-heading-title elementor-size-default\">Where is H\u0131d\u0131rnebi Plateau?<\/h2>\t\t<\/div>\n\t\t\t\t<\/div>\n\t\t\t\t\t\t<\/div>\n\t\t\t\t\t<\/div>\n\t\t<\/div>\n\t\t\t\t\t\t\t\t<\/div>\n\t\t\t\t\t<\/div>\n\t\t<\/section>\n\t\t\t\t<section class=\"elementor-section elementor-top-section elementor-element elementor-element-3029cfc elementor-section-boxed elementor-section-height-default elementor-section-height-default\" data-id=\"3029cfc\" data-element_type=\"section\">\n\t\t\t\t\t\t<div class=\"elementor-container elementor-column-gap-default\">\n\t\t\t\t\t\t\t<div class=\"elementor-row\">\n\t\t\t\t\t<div class=\"aux-parallax-section elementor-column elementor-col-100 elementor-top-column elementor-element elementor-element-7d39b3e\" data-id=\"7d39b3e\" data-element_type=\"column\">\n\t\t\t<div class=\"elementor-column-wrap elementor-element-populated\">\n\t\t\t\t\t\t\t<div class=\"elementor-widget-wrap\">\n\t\t\t\t\t\t<div class=\"elementor-element elementor-element-377d253 elementor-widget elementor-widget-google_maps\" data-id=\"377d253\" data-element_type=\"widget\" data-widget_type=\"google_maps.default\">\n\t\t\t\t<div class=\"elementor-widget-container\">\n\t\t\t\t\t<div class=\"elementor-custom-embed\">\n\t\t\t<iframe loading=\"lazy\"\n\t\t\t\t\tsrc=\"https:\/\/maps.google.com\/maps?q=h%C4%B1d%C4%B1rnebi&#038;t=m&#038;z=10&#038;output=embed&#038;iwloc=near\"\n\t\t\t\t\ttitle=\"h\u0131d\u0131rnebi\"\n\t\t\t\t\taria-label=\"h\u0131d\u0131rnebi\"\n\t\t\t><\/iframe>\n\t\t<\/div>\n\t\t\t\t<\/div>\n\t\t\t\t<\/div>\n\t\t\t\t\t\t<\/div>\n\t\t\t\t\t<\/div>\n\t\t<\/div>\n\t\t\t\t\t\t\t\t<\/div>\n\t\t\t\t\t<\/div>\n\t\t<\/section>\n\t\t\t\t<section class=\"elementor-section elementor-top-section elementor-element elementor-element-3eebe21 elementor-section-boxed elementor-section-height-default elementor-section-height-default\" data-id=\"3eebe21\" data-element_type=\"section\">\n\t\t\t\t\t\t<div class=\"elementor-container elementor-column-gap-default\">\n\t\t\t\t\t\t\t<div class=\"elementor-row\">\n\t\t\t\t\t<div class=\"aux-parallax-section elementor-column elementor-col-100 elementor-top-column elementor-element elementor-element-6dca239\" data-id=\"6dca239\" data-element_type=\"column\">\n\t\t\t<div class=\"elementor-column-wrap elementor-element-populated\">\n\t\t\t\t\t\t\t<div class=\"elementor-widget-wrap\">\n\t\t\t\t\t\t<div class=\"elementor-element elementor-element-63e8286 elementor-widget elementor-widget-heading\" data-id=\"63e8286\" data-element_type=\"widget\" data-widget_type=\"heading.default\">\n\t\t\t\t<div class=\"elementor-widget-container\">\n\t\t\t<h2 class=\"elementor-heading-title elementor-size-default\">Where is Balikli Lake?<\/h2>\t\t<\/div>\n\t\t\t\t<\/div>\n\t\t\t\t\t\t<\/div>\n\t\t\t\t\t<\/div>\n\t\t<\/div>\n\t\t\t\t\t\t\t\t<\/div>\n\t\t\t\t\t<\/div>\n\t\t<\/section>\n\t\t\t\t<section class=\"elementor-section elementor-top-section elementor-element elementor-element-6203463 elementor-section-boxed elementor-section-height-default elementor-section-height-default\" data-id=\"6203463\" data-element_type=\"section\">\n\t\t\t\t\t\t<div class=\"elementor-container elementor-column-gap-default\">\n\t\t\t\t\t\t\t<div class=\"elementor-row\">\n\t\t\t\t\t<div class=\"aux-parallax-section elementor-column elementor-col-100 elementor-top-column elementor-element elementor-element-69551f4\" data-id=\"69551f4\" data-element_type=\"column\">\n\t\t\t<div class=\"elementor-column-wrap elementor-element-populated\">\n\t\t\t\t\t\t\t<div class=\"elementor-widget-wrap\">\n\t\t\t\t\t\t<div class=\"elementor-element elementor-element-eae09dc elementor-widget elementor-widget-google_maps\" data-id=\"eae09dc\" data-element_type=\"widget\" data-widget_type=\"google_maps.default\">\n\t\t\t\t<div class=\"elementor-widget-container\">\n\t\t\t\t\t<div class=\"elementor-custom-embed\">\n\t\t\t<iframe loading=\"lazy\"\n\t\t\t\t\tsrc=\"https:\/\/maps.google.com\/maps?q=Bal%C4%B1kl%C4%B1%20g%C3%B6l%20ak%C3%A7aabat&#038;t=m&#038;z=10&#038;output=embed&#038;iwloc=near\"\n\t\t\t\t\ttitle=\"Bal\u0131kl\u0131 g\u00f6l ak\u00e7aabat\"\n\t\t\t\t\taria-label=\"Bal\u0131kl\u0131 g\u00f6l ak\u00e7aabat\"\n\t\t\t><\/iframe>\n\t\t<\/div>\n\t\t\t\t<\/div>\n\t\t\t\t<\/div>\n\t\t\t\t\t\t<\/div>\n\t\t\t\t\t<\/div>\n\t\t<\/div>\n\t\t\t\t\t\t\t\t<\/div>\n\t\t\t\t\t<\/div>\n\t\t<\/section>\n\t\t\t\t<section class=\"elementor-section elementor-top-section elementor-element elementor-element-e078888 elementor-section-boxed elementor-section-height-default elementor-section-height-default\" data-id=\"e078888\" data-element_type=\"section\">\n\t\t\t\t\t\t<div class=\"elementor-container elementor-column-gap-default\">\n\t\t\t\t\t\t\t<div class=\"elementor-row\">\n\t\t\t\t\t<div class=\"aux-parallax-section elementor-column elementor-col-100 elementor-top-column elementor-element elementor-element-96f73d6\" data-id=\"96f73d6\" data-element_type=\"column\">\n\t\t\t<div class=\"elementor-column-wrap elementor-element-populated\">\n\t\t\t\t\t\t\t<div class=\"elementor-widget-wrap\">\n\t\t\t\t\t\t<div class=\"elementor-element elementor-element-8ad2dff elementor-widget elementor-widget-heading\" data-id=\"8ad2dff\" data-element_type=\"widget\" data-widget_type=\"heading.default\">\n\t\t\t\t<div class=\"elementor-widget-container\">\n\t\t\t<h2 class=\"elementor-heading-title elementor-size-default\">Where is Cal Cave?<\/h2>\t\t<\/div>\n\t\t\t\t<\/div>\n\t\t\t\t\t\t<\/div>\n\t\t\t\t\t<\/div>\n\t\t<\/div>\n\t\t\t\t\t\t\t\t<\/div>\n\t\t\t\t\t<\/div>\n\t\t<\/section>\n\t\t\t\t<section class=\"elementor-section elementor-top-section elementor-element elementor-element-6417f2c elementor-section-boxed elementor-section-height-default elementor-section-height-default\" data-id=\"6417f2c\" data-element_type=\"section\">\n\t\t\t\t\t\t<div class=\"elementor-container elementor-column-gap-default\">\n\t\t\t\t\t\t\t<div class=\"elementor-row\">\n\t\t\t\t\t<div class=\"aux-parallax-section elementor-column elementor-col-100 elementor-top-column elementor-element elementor-element-4ad4fff\" data-id=\"4ad4fff\" data-element_type=\"column\">\n\t\t\t<div class=\"elementor-column-wrap elementor-element-populated\">\n\t\t\t\t\t\t\t<div class=\"elementor-widget-wrap\">\n\t\t\t\t\t\t<div class=\"elementor-element elementor-element-d6a6946 elementor-widget elementor-widget-google_maps\" data-id=\"d6a6946\" data-element_type=\"widget\" data-widget_type=\"google_maps.default\">\n\t\t\t\t<div class=\"elementor-widget-container\">\n\t\t\t\t\t<div class=\"elementor-custom-embed\">\n\t\t\t<iframe loading=\"lazy\"\n\t\t\t\t\tsrc=\"https:\/\/maps.google.com\/maps?q=%C3%A7al%20ma%C4%9Faras%C4%B1&#038;t=m&#038;z=10&#038;output=embed&#038;iwloc=near\"\n\t\t\t\t\ttitle=\"\u00e7al ma\u011faras\u0131\"\n\t\t\t\t\taria-label=\"\u00e7al ma\u011faras\u0131\"\n\t\t\t><\/iframe>\n\t\t<\/div>\n\t\t\t\t<\/div>\n\t\t\t\t<\/div>\n\t\t\t\t\t\t<\/div>\n\t\t\t\t\t<\/div>\n\t\t<\/div>\n\t\t\t\t\t\t\t\t<\/div>\n\t\t\t\t\t<\/div>\n\t\t<\/section>\n\t\t\t\t\t\t\t\t\t<\/div>\n\t\t\t<\/div>\n\t\t\t\t\t<\/div>\n\t\t","protected":false},"excerpt":{"rendered":"<p>HIDIRNEBI PLATEAU &amp; BALIKLI LAKE &amp; CAL CAVE HIDIRNEBI PLATEAU H\u0131d\u0131rnebi Plateau, one of the Akcaabat plateaus, has the distinction of being one of the most well-known and famous plateaus in the region. H\u0131d\u0131rnebi Plateau, which offers a cross-section of the unique natural beauties of the Black Sea, is also known as &#8220;Association Grass&#8221; by [&hellip;]<\/p>\n","protected":false},"author":1,"featured_media":0,"parent":0,"menu_order":0,"comment_status":"closed","ping_status":"closed","template":"elementor_header_footer","meta":[],"_links":{"self":[{"href":"https:\/\/eng.sahin61.com.tr\/index.php\/wp-json\/wp\/v2\/pages\/247"}],"collection":[{"href":"https:\/\/eng.sahin61.com.tr\/index.php\/wp-json\/wp\/v2\/pages"}],"about":[{"href":"https:\/\/eng.sahin61.com.tr\/index.php\/wp-json\/wp\/v2\/types\/page"}],"author":[{"embeddable":true,"href":"https:\/\/eng.sahin61.com.tr\/index.php\/wp-json\/wp\/v2\/users\/1"}],"replies":[{"embeddable":true,"href":"https:\/\/eng.sahin61.com.tr\/index.php\/wp-json\/wp\/v2\/comments?post=247"}],"version-history":[{"count":13,"href":"https:\/\/eng.sahin61.com.tr\/index.php\/wp-json\/wp\/v2\/pages\/247\/revisions"}],"predecessor-version":[{"id":790,"href":"https:\/\/eng.sahin61.com.tr\/index.php\/wp-json\/wp\/v2\/pages\/247\/revisions\/790"}],"wp:attachment":[{"href":"https:\/\/eng.sahin61.com.tr\/index.php\/wp-json\/wp\/v2\/media?parent=247"}],"curies":[{"name":"wp","href":"https:\/\/api.w.org\/{rel}","templated":true}]}}