{"id":207,"date":"2022-06-26T14:13:01","date_gmt":"2022-06-26T11:13:01","guid":{"rendered":"https:\/\/eng.sahin61.com.tr\/?page_id=207"},"modified":"2022-07-03T15:51:15","modified_gmt":"2022-07-03T12:51:15","slug":"sumela","status":"publish","type":"page","link":"https:\/\/eng.sahin61.com.tr\/index.php\/sumela\/","title":{"rendered":"Sumela"},"content":{"rendered":"\t\t<div data-elementor-type=\"wp-page\" data-elementor-id=\"207\" class=\"elementor elementor-207\">\n\t\t\t\t\t\t<div class=\"elementor-inner\">\n\t\t\t\t<div class=\"elementor-section-wrap\">\n\t\t\t\t\t\t\t\t\t<section class=\"elementor-section elementor-top-section elementor-element elementor-element-3aaa6969 elementor-section-full_width elementor-section-height-default elementor-section-height-default\" data-id=\"3aaa6969\" data-element_type=\"section\">\n\t\t\t\t\t\t<div class=\"elementor-container elementor-column-gap-default\">\n\t\t\t\t\t\t\t<div class=\"elementor-row\">\n\t\t\t\t\t<div class=\"aux-parallax-section elementor-column elementor-col-100 elementor-top-column elementor-element elementor-element-70122bfb\" data-id=\"70122bfb\" data-element_type=\"column\">\n\t\t\t<div class=\"elementor-column-wrap elementor-element-populated\">\n\t\t\t\t\t\t\t<div class=\"elementor-widget-wrap\">\n\t\t\t\t\t\t<div class=\"elementor-element elementor-element-148e9c1f elementor-widget elementor-widget-aux_modern_heading\" data-id=\"148e9c1f\" data-element_type=\"widget\" data-widget_type=\"aux_modern_heading.default\">\n\t\t\t\t<div class=\"elementor-widget-container\">\n\t\t\t<section class=\"aux-widget-modern-heading\">\n            <div class=\"aux-widget-inner\"><h2 class=\"aux-modern-heading-primary\">SUMELA<\/h2><\/div>\n        <\/section>\t\t<\/div>\n\t\t\t\t<\/div>\n\t\t\t\t<div class=\"elementor-element elementor-element-48bbd10b elementor-widget elementor-widget-aux_image\" data-id=\"48bbd10b\" data-element_type=\"widget\" data-widget_type=\"aux_image.default\">\n\t\t\t\t<div class=\"elementor-widget-container\">\n\t\t\t<section class=\"widget-container aux-widget-image aux-alignnone aux-parent-au3f4c97b4\">\n    <div class=\"aux-media-hint-frame \">\n        <div class=\"aux-media-image  aux-tilt-box\" >\n        \n            \n\n            \n            <img decoding=\"async\" loading=\"lazy\" width=\"1920\" height=\"949\" src=\"image\/gif;base64,R0lGODlhAQABAIAAAAAAAP\/\/\/yH5BAEAAAAALAAAAAABAAEAAAIBRAA7\" class=\"aux-attachment aux-featured-image aux-attachment-id-212 aux-preload aux-progress-box\" alt=\"sumela\" data-ratio=\"2.02\" data-original-w=\"1920\" data-src=\"https:\/\/eng.sahin61.com.tr\/wp-content\/uploads\/2022\/06\/sumela.jpg\" \/>            \n                <\/div>\n    <\/div>\n\n<\/section><!-- widget-container -->\t\t<\/div>\n\t\t\t\t<\/div>\n\t\t\t\t\t\t<\/div>\n\t\t\t\t\t<\/div>\n\t\t<\/div>\n\t\t\t\t\t\t\t\t<\/div>\n\t\t\t\t\t<\/div>\n\t\t<\/section>\n\t\t\t\t<section class=\"elementor-section elementor-top-section elementor-element elementor-element-84245ae elementor-section-boxed elementor-section-height-default elementor-section-height-default\" data-id=\"84245ae\" data-element_type=\"section\">\n\t\t\t\t\t\t<div class=\"elementor-container elementor-column-gap-no\">\n\t\t\t\t\t\t\t<div class=\"elementor-row\">\n\t\t\t\t\t<div class=\"aux-parallax-section elementor-column elementor-col-100 elementor-top-column elementor-element elementor-element-176cbd44\" data-id=\"176cbd44\" data-element_type=\"column\">\n\t\t\t<div class=\"elementor-column-wrap elementor-element-populated\">\n\t\t\t\t\t\t\t<div class=\"elementor-widget-wrap\">\n\t\t\t\t\t\t<div class=\"elementor-element elementor-element-6ae94d8 elementor-widget elementor-widget-spacer\" data-id=\"6ae94d8\" data-element_type=\"widget\" data-widget_type=\"spacer.default\">\n\t\t\t\t<div class=\"elementor-widget-container\">\n\t\t\t\t\t<div class=\"elementor-spacer\">\n\t\t\t<div class=\"elementor-spacer-inner\"><\/div>\n\t\t<\/div>\n\t\t\t\t<\/div>\n\t\t\t\t<\/div>\n\t\t\t\t<div class=\"elementor-element elementor-element-18de7f3a elementor-widget elementor-widget-aux_modern_heading\" data-id=\"18de7f3a\" data-element_type=\"widget\" data-widget_type=\"aux_modern_heading.default\">\n\t\t\t\t<div class=\"elementor-widget-container\">\n\t\t\t<section class=\"aux-widget-modern-heading\">\n            <div class=\"aux-widget-inner\"><h2 class=\"aux-modern-heading-primary\"><\/h2><div class=\"aux-modern-heading-description\"><p>Sumela Monastery is a historical monastery built on a steep rock on the outskirts of Karada\u011f which overlooks Altindere valley, within the borders of Altindere Village of Macka District of Trabzon. Located at an altitude of about 300 meters from the valley, the building continued the tradition of establishing monasteries outside the city, in forests, caves and watersides. The building is a former Greek Orthodox monastery and church complex. The work, whose full name is Panagia Sumela or Theotokos Sumela, was built in the style of Cappadocia churches, which are often found in Anatolia.<\/p><p>It is said that the monastery, which was founded in the name of the <strong>Virgin Mary<\/strong>, got its name <strong>\"Sumela\"<\/strong> from the word \"molasses\" meaning \"black\". Although it is thought that this name comes from the dark-colored Montenegro where the monastery was founded, the word S\u00fcmela can be attributed to the black color of the Virgin Mary here.<\/p><p>Although there is no certain information about this very old building, it is estimated that it was built between 365-395 BC. The interior of the historical monument, which is considered one of the symbols of Trabzon, is covered with frescoes. It is a building that attracts great attention with its location overlooking the lush green landscape of the city. You can add Sumela Monastery, which will impress you with the height of its hill and its splendor, to your list of places to visit at the first opportunity.<\/p><\/div><\/div>\n        <\/section>\t\t<\/div>\n\t\t\t\t<\/div>\n\t\t\t\t\t\t<\/div>\n\t\t\t\t\t<\/div>\n\t\t<\/div>\n\t\t\t\t\t\t\t\t<\/div>\n\t\t\t\t\t<\/div>\n\t\t<\/section>\n\t\t\t\t<section class=\"elementor-section elementor-top-section elementor-element elementor-element-789706b elementor-section-boxed elementor-section-height-default elementor-section-height-default\" data-id=\"789706b\" data-element_type=\"section\">\n\t\t\t\t\t\t<div class=\"elementor-container elementor-column-gap-default\">\n\t\t\t\t\t\t\t<div class=\"elementor-row\">\n\t\t\t\t\t<div class=\"aux-parallax-section elementor-column elementor-col-100 elementor-top-column elementor-element elementor-element-20b006f\" data-id=\"20b006f\" data-element_type=\"column\">\n\t\t\t<div class=\"elementor-column-wrap elementor-element-populated\">\n\t\t\t\t\t\t\t<div class=\"elementor-widget-wrap\">\n\t\t\t\t\t\t<div class=\"elementor-element elementor-element-3d1de6a elementor-widget elementor-widget-spacer\" data-id=\"3d1de6a\" data-element_type=\"widget\" data-widget_type=\"spacer.default\">\n\t\t\t\t<div class=\"elementor-widget-container\">\n\t\t\t\t\t<div class=\"elementor-spacer\">\n\t\t\t<div class=\"elementor-spacer-inner\"><\/div>\n\t\t<\/div>\n\t\t\t\t<\/div>\n\t\t\t\t<\/div>\n\t\t\t\t\t\t<\/div>\n\t\t\t\t\t<\/div>\n\t\t<\/div>\n\t\t\t\t\t\t\t\t<\/div>\n\t\t\t\t\t<\/div>\n\t\t<\/section>\n\t\t\t\t<section class=\"elementor-section elementor-top-section elementor-element elementor-element-50843462 elementor-section-boxed elementor-section-height-default elementor-section-height-default\" data-id=\"50843462\" data-element_type=\"section\">\n\t\t\t\t\t\t<div class=\"elementor-container elementor-column-gap-no\">\n\t\t\t\t\t\t\t<div class=\"elementor-row\">\n\t\t\t\t\t<div class=\"aux-parallax-section elementor-column elementor-col-100 elementor-top-column elementor-element elementor-element-30179757\" data-id=\"30179757\" data-element_type=\"column\">\n\t\t\t<div class=\"elementor-column-wrap elementor-element-populated\">\n\t\t\t\t\t\t\t<div class=\"elementor-widget-wrap\">\n\t\t\t\t\t\t<div class=\"elementor-element elementor-element-53a1200e elementor-widget elementor-widget-heading\" data-id=\"53a1200e\" data-element_type=\"widget\" data-widget_type=\"heading.default\">\n\t\t\t\t<div class=\"elementor-widget-container\">\n\t\t\t<h2 class=\"elementor-heading-title elementor-size-default\">Sumela Monastery<\/h2>\t\t<\/div>\n\t\t\t\t<\/div>\n\t\t\t\t<div class=\"elementor-element elementor-element-1ba261df elementor-invisible elementor-widget elementor-widget-aux-gallery\" data-id=\"1ba261df\" data-element_type=\"widget\" data-settings=\"{&quot;_animation&quot;:&quot;pulse&quot;}\" data-widget_type=\"aux-gallery.default\">\n\t\t\t\t<div class=\"elementor-widget-container\">\n\t\t\t<section class=\"widget-container aux-widget-gallery aux-parent-aue510dad6\"><div id='aux-gallery-1' class='aux-gallery galleryid-207 gallery-columns-3 '><div class=\"aux-gallery-container aux-isotope-animated aux-row aux-de-col3 aux-tb-col3 aux-mb-col3 elementor-clickable aux-no-gutter aux-layout-masonry\"  data-pagination=\"false\" data-lazyload=\"false\" data-perpage=\"24\" data-layout=\"masonry\" data-space=\"13\" >    <figure class=\"gallery-item aux-hover-active aux-iso-item aux-col \">\n            <div class=\"aux-frame-mask-plain aux-frame-ratio \">\n                <a href=\"#null\" class=\"aux-frame-ratio-inner aux-frame-darken \" data-elementor-open-lightbox=\"no\" >\n                        <img decoding=\"async\" loading=\"lazy\" width=\"300\" height=\"300\" src=\"https:\/\/eng.sahin61.com.tr\/wp-content\/uploads\/2022\/06\/ST1-300x300.jpg\" class=\"aux-attachment aux-featured-image attachment-300x300 aux-attachment-id-221 \" alt=\"ST1\" srcset=\"https:\/\/eng.sahin61.com.tr\/wp-content\/uploads\/2022\/06\/ST1-150x150.jpg 150w,https:\/\/eng.sahin61.com.tr\/wp-content\/uploads\/2022\/06\/ST1-300x300.jpg 300w,https:\/\/eng.sahin61.com.tr\/wp-content\/uploads\/2022\/06\/ST1-768x768.jpg 768w,https:\/\/eng.sahin61.com.tr\/wp-content\/uploads\/2022\/06\/ST1-1024x779.jpg 1024w,https:\/\/eng.sahin61.com.tr\/wp-content\/uploads\/2022\/06\/ST1-300x300.jpg 300w,https:\/\/eng.sahin61.com.tr\/wp-content\/uploads\/2022\/06\/ST1-1190x1190.jpg 1190w\" data-ratio=\"1\" data-original-w=\"1200\" sizes=\"(max-width:767px) 33vw,(min-width:768px) and (max-width:1025px) 33vw,641px\" \/>                <\/a>\n            <\/div>\n                <\/figure>\n    <figure class=\"gallery-item aux-hover-active aux-iso-item aux-col \">\n            <div class=\"aux-frame-mask-plain aux-frame-ratio \">\n                <a href=\"#null\" class=\"aux-frame-ratio-inner aux-frame-darken \" data-elementor-open-lightbox=\"no\" >\n                        <img decoding=\"async\" loading=\"lazy\" width=\"300\" height=\"300\" src=\"https:\/\/eng.sahin61.com.tr\/wp-content\/uploads\/2022\/06\/ST3-300x300.jpg\" class=\"aux-attachment aux-featured-image attachment-300x300 aux-attachment-id-223 \" alt=\"ST3\" srcset=\"https:\/\/eng.sahin61.com.tr\/wp-content\/uploads\/2022\/06\/ST3-150x150.jpg 150w,https:\/\/eng.sahin61.com.tr\/wp-content\/uploads\/2022\/06\/ST3-300x300.jpg 300w,https:\/\/eng.sahin61.com.tr\/wp-content\/uploads\/2022\/06\/ST3-768x768.jpg 768w,https:\/\/eng.sahin61.com.tr\/wp-content\/uploads\/2022\/06\/ST3-1024x779.jpg 1024w,https:\/\/eng.sahin61.com.tr\/wp-content\/uploads\/2022\/06\/ST3-300x300.jpg 300w,https:\/\/eng.sahin61.com.tr\/wp-content\/uploads\/2022\/06\/ST3-1190x1190.jpg 1190w\" data-ratio=\"1\" data-original-w=\"1200\" sizes=\"(max-width:767px) 33vw,(min-width:768px) and (max-width:1025px) 33vw,641px\" \/>                <\/a>\n            <\/div>\n                <\/figure>\n    <figure class=\"gallery-item aux-hover-active aux-iso-item aux-col \">\n            <div class=\"aux-frame-mask-plain aux-frame-ratio \">\n                <a href=\"#null\" class=\"aux-frame-ratio-inner aux-frame-darken \" data-elementor-open-lightbox=\"no\" >\n                        <img decoding=\"async\" loading=\"lazy\" width=\"300\" height=\"300\" src=\"https:\/\/eng.sahin61.com.tr\/wp-content\/uploads\/2022\/06\/ST2-300x300.jpg\" class=\"aux-attachment aux-featured-image attachment-300x300 aux-attachment-id-222 \" alt=\"ST2\" srcset=\"https:\/\/eng.sahin61.com.tr\/wp-content\/uploads\/2022\/06\/ST2-150x150.jpg 150w,https:\/\/eng.sahin61.com.tr\/wp-content\/uploads\/2022\/06\/ST2-300x300.jpg 300w,https:\/\/eng.sahin61.com.tr\/wp-content\/uploads\/2022\/06\/ST2-768x768.jpg 768w,https:\/\/eng.sahin61.com.tr\/wp-content\/uploads\/2022\/06\/ST2-1024x779.jpg 1024w,https:\/\/eng.sahin61.com.tr\/wp-content\/uploads\/2022\/06\/ST2-300x300.jpg 300w,https:\/\/eng.sahin61.com.tr\/wp-content\/uploads\/2022\/06\/ST2-1190x1190.jpg 1190w\" data-ratio=\"1\" data-original-w=\"1200\" sizes=\"(max-width:767px) 33vw,(min-width:768px) and (max-width:1025px) 33vw,641px\" \/>                <\/a>\n            <\/div>\n                <\/figure>\n    <figure class=\"gallery-item aux-hover-active aux-iso-item aux-col \">\n            <div class=\"aux-frame-mask-plain aux-frame-ratio \">\n                <a href=\"#null\" class=\"aux-frame-ratio-inner aux-frame-darken \" data-elementor-open-lightbox=\"no\" >\n                        <img decoding=\"async\" loading=\"lazy\" width=\"300\" height=\"300\" src=\"https:\/\/eng.sahin61.com.tr\/wp-content\/uploads\/2022\/06\/ST4-300x300.jpg\" class=\"aux-attachment aux-featured-image attachment-300x300 aux-attachment-id-224 \" alt=\"ST4\" srcset=\"https:\/\/eng.sahin61.com.tr\/wp-content\/uploads\/2022\/06\/ST4-150x150.jpg 150w,https:\/\/eng.sahin61.com.tr\/wp-content\/uploads\/2022\/06\/ST4-300x300.jpg 300w,https:\/\/eng.sahin61.com.tr\/wp-content\/uploads\/2022\/06\/ST4-768x768.jpg 768w,https:\/\/eng.sahin61.com.tr\/wp-content\/uploads\/2022\/06\/ST4-1024x779.jpg 1024w,https:\/\/eng.sahin61.com.tr\/wp-content\/uploads\/2022\/06\/ST4-300x300.jpg 300w,https:\/\/eng.sahin61.com.tr\/wp-content\/uploads\/2022\/06\/ST4-1190x1190.jpg 1190w\" data-ratio=\"1\" data-original-w=\"1200\" sizes=\"(max-width:767px) 33vw,(min-width:768px) and (max-width:1025px) 33vw,641px\" \/>                <\/a>\n            <\/div>\n                <\/figure>\n    <figure class=\"gallery-item aux-hover-active aux-iso-item aux-col \">\n            <div class=\"aux-frame-mask-plain aux-frame-ratio \">\n                <a href=\"#null\" class=\"aux-frame-ratio-inner aux-frame-darken \" data-elementor-open-lightbox=\"no\" >\n                        <img decoding=\"async\" loading=\"lazy\" width=\"300\" height=\"300\" src=\"https:\/\/eng.sahin61.com.tr\/wp-content\/uploads\/2022\/06\/Sumela-5-300x300.jpg\" class=\"aux-attachment aux-featured-image attachment-300x300 aux-attachment-id-226 \" alt=\"S\u00fcmela (5)\" srcset=\"https:\/\/eng.sahin61.com.tr\/wp-content\/uploads\/2022\/06\/Sumela-5-150x150.jpg 150w,https:\/\/eng.sahin61.com.tr\/wp-content\/uploads\/2022\/06\/Sumela-5-300x300.jpg 300w,https:\/\/eng.sahin61.com.tr\/wp-content\/uploads\/2022\/06\/Sumela-5-768x768.jpg 768w,https:\/\/eng.sahin61.com.tr\/wp-content\/uploads\/2022\/06\/Sumela-5-1024x1024.jpg 1024w,https:\/\/eng.sahin61.com.tr\/wp-content\/uploads\/2022\/06\/Sumela-5-300x300.jpg 300w,https:\/\/eng.sahin61.com.tr\/wp-content\/uploads\/2022\/06\/Sumela-5-1590x1590.jpg 1590w\" data-ratio=\"1\" data-original-w=\"1600\" sizes=\"(max-width:767px) 33vw,(min-width:768px) and (max-width:1025px) 33vw,641px\" \/>                <\/a>\n            <\/div>\n                <\/figure>\n    <figure class=\"gallery-item aux-hover-active aux-iso-item aux-col \">\n            <div class=\"aux-frame-mask-plain aux-frame-ratio \">\n                <a href=\"#null\" class=\"aux-frame-ratio-inner aux-frame-darken \" data-elementor-open-lightbox=\"no\" >\n                        <img decoding=\"async\" loading=\"lazy\" width=\"300\" height=\"300\" src=\"https:\/\/eng.sahin61.com.tr\/wp-content\/uploads\/2022\/06\/ST5-300x300.jpg\" class=\"aux-attachment aux-featured-image attachment-300x300 aux-attachment-id-225 \" alt=\"ST5\" srcset=\"https:\/\/eng.sahin61.com.tr\/wp-content\/uploads\/2022\/06\/ST5-150x150.jpg 150w,https:\/\/eng.sahin61.com.tr\/wp-content\/uploads\/2022\/06\/ST5-300x300.jpg 300w,https:\/\/eng.sahin61.com.tr\/wp-content\/uploads\/2022\/06\/ST5-768x768.jpg 768w,https:\/\/eng.sahin61.com.tr\/wp-content\/uploads\/2022\/06\/ST5-1024x779.jpg 1024w,https:\/\/eng.sahin61.com.tr\/wp-content\/uploads\/2022\/06\/ST5-300x300.jpg 300w,https:\/\/eng.sahin61.com.tr\/wp-content\/uploads\/2022\/06\/ST5-1190x1190.jpg 1190w\" data-ratio=\"1\" data-original-w=\"1200\" sizes=\"(max-width:767px) 33vw,(min-width:768px) and (max-width:1025px) 33vw,641px\" \/>                <\/a>\n            <\/div>\n                <\/figure>\n<\/div><\/div><\/section><!-- widget-container --><style>.aux-parent-aue510dad6 .aux-frame-ratio { padding-bottom:75% }<\/style>\t\t<\/div>\n\t\t\t\t<\/div>\n\t\t\t\t\t\t<\/div>\n\t\t\t\t\t<\/div>\n\t\t<\/div>\n\t\t\t\t\t\t\t\t<\/div>\n\t\t\t\t\t<\/div>\n\t\t<\/section>\n\t\t\t\t<section class=\"elementor-section elementor-top-section elementor-element elementor-element-f2abcca elementor-section-boxed elementor-section-height-default elementor-section-height-default\" data-id=\"f2abcca\" data-element_type=\"section\">\n\t\t\t\t\t\t<div class=\"elementor-container elementor-column-gap-default\">\n\t\t\t\t\t\t\t<div class=\"elementor-row\">\n\t\t\t\t\t<div class=\"aux-parallax-section elementor-column elementor-col-100 elementor-top-column elementor-element elementor-element-f5a6e34\" data-id=\"f5a6e34\" data-element_type=\"column\">\n\t\t\t<div class=\"elementor-column-wrap elementor-element-populated\">\n\t\t\t\t\t\t\t<div class=\"elementor-widget-wrap\">\n\t\t\t\t\t\t<div class=\"elementor-element elementor-element-2148cb6 elementor-widget elementor-widget-spacer\" data-id=\"2148cb6\" data-element_type=\"widget\" data-widget_type=\"spacer.default\">\n\t\t\t\t<div class=\"elementor-widget-container\">\n\t\t\t\t\t<div class=\"elementor-spacer\">\n\t\t\t<div class=\"elementor-spacer-inner\"><\/div>\n\t\t<\/div>\n\t\t\t\t<\/div>\n\t\t\t\t<\/div>\n\t\t\t\t\t\t<\/div>\n\t\t\t\t\t<\/div>\n\t\t<\/div>\n\t\t\t\t\t\t\t\t<\/div>\n\t\t\t\t\t<\/div>\n\t\t<\/section>\n\t\t\t\t<section class=\"elementor-section elementor-top-section elementor-element elementor-element-73ba7c4 elementor-section-boxed elementor-section-height-default elementor-section-height-default\" data-id=\"73ba7c4\" data-element_type=\"section\">\n\t\t\t\t\t\t<div class=\"elementor-container elementor-column-gap-default\">\n\t\t\t\t\t\t\t<div class=\"elementor-row\">\n\t\t\t\t\t<div class=\"aux-parallax-section elementor-column elementor-col-100 elementor-top-column elementor-element elementor-element-7323a46\" data-id=\"7323a46\" data-element_type=\"column\">\n\t\t\t<div class=\"elementor-column-wrap elementor-element-populated\">\n\t\t\t\t\t\t\t<div class=\"elementor-widget-wrap\">\n\t\t\t\t\t\t<div class=\"elementor-element elementor-element-04ce2f3 elementor-widget elementor-widget-heading\" data-id=\"04ce2f3\" data-element_type=\"widget\" data-widget_type=\"heading.default\">\n\t\t\t\t<div class=\"elementor-widget-container\">\n\t\t\t<h2 class=\"elementor-heading-title elementor-size-default\">Where is Sumela Monastery?<\/h2>\t\t<\/div>\n\t\t\t\t<\/div>\n\t\t\t\t\t\t<\/div>\n\t\t\t\t\t<\/div>\n\t\t<\/div>\n\t\t\t\t\t\t\t\t<\/div>\n\t\t\t\t\t<\/div>\n\t\t<\/section>\n\t\t\t\t<section class=\"elementor-section elementor-top-section elementor-element elementor-element-3029cfc elementor-section-boxed elementor-section-height-default elementor-section-height-default\" data-id=\"3029cfc\" data-element_type=\"section\">\n\t\t\t\t\t\t<div class=\"elementor-container elementor-column-gap-default\">\n\t\t\t\t\t\t\t<div class=\"elementor-row\">\n\t\t\t\t\t<div class=\"aux-parallax-section elementor-column elementor-col-100 elementor-top-column elementor-element elementor-element-7d39b3e\" data-id=\"7d39b3e\" data-element_type=\"column\">\n\t\t\t<div class=\"elementor-column-wrap elementor-element-populated\">\n\t\t\t\t\t\t\t<div class=\"elementor-widget-wrap\">\n\t\t\t\t\t\t<div class=\"elementor-element elementor-element-377d253 elementor-widget elementor-widget-google_maps\" data-id=\"377d253\" data-element_type=\"widget\" data-widget_type=\"google_maps.default\">\n\t\t\t\t<div class=\"elementor-widget-container\">\n\t\t\t\t\t<div class=\"elementor-custom-embed\">\n\t\t\t<iframe loading=\"lazy\"\n\t\t\t\t\tsrc=\"https:\/\/maps.google.com\/maps?q=s%C3%BCmela%20manast%C4%B1r%C4%B1&#038;t=m&#038;z=10&#038;output=embed&#038;iwloc=near\"\n\t\t\t\t\ttitle=\"s\u00fcmela manast\u0131r\u0131\"\n\t\t\t\t\taria-label=\"s\u00fcmela manast\u0131r\u0131\"\n\t\t\t><\/iframe>\n\t\t<\/div>\n\t\t\t\t<\/div>\n\t\t\t\t<\/div>\n\t\t\t\t\t\t<\/div>\n\t\t\t\t\t<\/div>\n\t\t<\/div>\n\t\t\t\t\t\t\t\t<\/div>\n\t\t\t\t\t<\/div>\n\t\t<\/section>\n\t\t\t\t\t\t\t\t\t<\/div>\n\t\t\t<\/div>\n\t\t\t\t\t<\/div>\n\t\t","protected":false},"excerpt":{"rendered":"<p>SUMELA Sumela Monastery is a historical monastery built on a steep rock on the outskirts of Karada\u011f which overlooks Altindere valley, within the borders of Altindere Village of Macka District of Trabzon. Located at an altitude of about 300 meters from the valley, the building continued the tradition of establishing monasteries outside the city, in [&hellip;]<\/p>\n","protected":false},"author":1,"featured_media":0,"parent":0,"menu_order":0,"comment_status":"closed","ping_status":"closed","template":"elementor_header_footer","meta":[],"_links":{"self":[{"href":"https:\/\/eng.sahin61.com.tr\/index.php\/wp-json\/wp\/v2\/pages\/207"}],"collection":[{"href":"https:\/\/eng.sahin61.com.tr\/index.php\/wp-json\/wp\/v2\/pages"}],"about":[{"href":"https:\/\/eng.sahin61.com.tr\/index.php\/wp-json\/wp\/v2\/types\/page"}],"author":[{"embeddable":true,"href":"https:\/\/eng.sahin61.com.tr\/index.php\/wp-json\/wp\/v2\/users\/1"}],"replies":[{"embeddable":true,"href":"https:\/\/eng.sahin61.com.tr\/index.php\/wp-json\/wp\/v2\/comments?post=207"}],"version-history":[{"count":17,"href":"https:\/\/eng.sahin61.com.tr\/index.php\/wp-json\/wp\/v2\/pages\/207\/revisions"}],"predecessor-version":[{"id":824,"href":"https:\/\/eng.sahin61.com.tr\/index.php\/wp-json\/wp\/v2\/pages\/207\/revisions\/824"}],"wp:attachment":[{"href":"https:\/\/eng.sahin61.com.tr\/index.php\/wp-json\/wp\/v2\/media?parent=207"}],"curies":[{"name":"wp","href":"https:\/\/api.w.org\/{rel}","templated":true}]}}